{"id":985,"date":"2024-08-24T21:31:15","date_gmt":"2024-08-24T19:31:15","guid":{"rendered":"https:\/\/strongbowband.de\/?page_id=985"},"modified":"2024-08-24T22:22:00","modified_gmt":"2024-08-24T20:22:00","slug":"kommende-auftritte","status":"publish","type":"page","link":"https:\/\/strongbowband.de\/?page_id=985","title":{"rendered":"Auftritte"},"content":{"rendered":"\n<h2 class=\"wp-block-heading\">Kommende Auftritte<\/h2>\n\n\n<ul class=\"wp-block-latest-posts__list wp-block-latest-posts\"><li><a class=\"wp-block-latest-posts__post-title\" href=\"https:\/\/strongbowband.de\/?p=1073\">21.03.2026 Journal (Senden)<\/a><div class=\"wp-block-latest-posts__post-full-content\"><!-- wp:paragraph -->\n<p>The same procedure as last year, James? Mit frischen Songs starten wir mit euch ins neue Rock-Jahr! Wir freuen uns sehr auf euch, eine tolle Stimmung und ganz viel Livemusik! <\/p>\n<!-- \/wp:paragraph -->\n\n<!-- wp:paragraph -->\n<p>Beginn ist um 20 Uhr, aber hier der \u00f6ffentliche Geheimtipp: Nat\u00fcrlich macht das Journal schon fr\u00fcher auf, so dass man sich schon fr\u00fcher die besten Pl\u00e4tze sichern kann \ud83d\ude42 <\/p>\n<!-- \/wp:paragraph -->\n\n<!-- wp:image {\"id\":1080,\"sizeSlug\":\"large\",\"linkDestination\":\"media\"} -->\n<figure class=\"wp-block-image size-large\"><a href=\"https:\/\/strongbowband.de\/wp-content\/uploads\/2026\/01\/Strongbow-Journal-2026-1-scaled.jpeg\"><img loading=\"lazy\" decoding=\"async\" width=\"724\" height=\"1024\" src=\"https:\/\/strongbowband.de\/wp-content\/uploads\/2026\/01\/Strongbow-Journal-2026-1-724x1024.jpeg\" alt=\"\" class=\"wp-image-1080\" srcset=\"https:\/\/strongbowband.de\/wp-content\/uploads\/2026\/01\/Strongbow-Journal-2026-1-724x1024.jpeg 724w, https:\/\/strongbowband.de\/wp-content\/uploads\/2026\/01\/Strongbow-Journal-2026-1-212x300.jpeg 212w, https:\/\/strongbowband.de\/wp-content\/uploads\/2026\/01\/Strongbow-Journal-2026-1-768x1086.jpeg 768w, https:\/\/strongbowband.de\/wp-content\/uploads\/2026\/01\/Strongbow-Journal-2026-1-1086x1536.jpeg 1086w, https:\/\/strongbowband.de\/wp-content\/uploads\/2026\/01\/Strongbow-Journal-2026-1-1448x2048.jpeg 1448w, https:\/\/strongbowband.de\/wp-content\/uploads\/2026\/01\/Strongbow-Journal-2026-1-750x1061.jpeg 750w, https:\/\/strongbowband.de\/wp-content\/uploads\/2026\/01\/Strongbow-Journal-2026-1-scaled.jpeg 1810w\" sizes=\"auto, (max-width: 724px) 100vw, 724px\" \/><\/a><\/figure>\n<!-- \/wp:image --><\/div><\/li>\n<li><a class=\"wp-block-latest-posts__post-title\" href=\"https:\/\/strongbowband.de\/?p=1042\">25.10.2025 Stever Tribute Night<\/a><div class=\"wp-block-latest-posts__post-full-content\"><!-- wp:paragraph -->\n<p>Die Stever Tribute Night geht in die zweite Runde! Das bedeutet feinste Covermusik von zwei Bands und eine geile Party!<\/p>\n<!-- \/wp:paragraph -->\n\n<!-- wp:paragraph -->\n<p>Strongbow startet mit wie immer ehrlicher, handgemachter Rockmusik vom Feinsten, und danach gibt es das Beste von den Toten Hosen und den \u00c4rzten von den Kollegen von Die Toten \u00c4rzte <a href=\"https:\/\/dietotenaerzte.de\/\">https:\/\/dietotenaerzte.de\/<\/a><\/p>\n<!-- \/wp:paragraph -->\n\n<!-- wp:paragraph -->\n<p>Mehr Infos und Tickets unter <a href=\"https:\/\/confusion.de\/tickets\">https:\/\/confusion.de\/tickets<\/a> <\/p>\n<!-- \/wp:paragraph -->\n\n<!-- wp:image {\"id\":1043,\"sizeSlug\":\"full\",\"linkDestination\":\"media\"} -->\n<figure class=\"wp-block-image size-full\"><a href=\"https:\/\/strongbowband.de\/wp-content\/uploads\/2025\/07\/image.png\"><img loading=\"lazy\" decoding=\"async\" width=\"700\" height=\"307\" src=\"https:\/\/strongbowband.de\/wp-content\/uploads\/2025\/07\/image.png\" alt=\"\" class=\"wp-image-1043\" srcset=\"https:\/\/strongbowband.de\/wp-content\/uploads\/2025\/07\/image.png 700w, https:\/\/strongbowband.de\/wp-content\/uploads\/2025\/07\/image-300x132.png 300w\" sizes=\"auto, (max-width: 700px) 100vw, 700px\" \/><\/a><\/figure>\n<!-- \/wp:image --><\/div><\/li>\n<li><a class=\"wp-block-latest-posts__post-title\" href=\"https:\/\/strongbowband.de\/?p=1060\">4.10.2025 Journal Senden<\/a><div class=\"wp-block-latest-posts__post-full-content\"><!-- wp:paragraph -->\n<p>Im Mai war es so sch\u00f6n mit euch im Journal &#8211; das machen wir nochmal! Seid wieder dabei, seid neu dabei, bringt eure Freunde mit! Es wird wieder Stimmung bis unter die Decke geben, wir freuen uns auf euch!<\/p>\n<!-- \/wp:paragraph -->\n\n<!-- wp:paragraph -->\n<p>Diesmal gibt es auch noch eine besondere \u00dcberraschung: Direkt eingeflogen aus U.K. sind M.F.U. als special guest dabei! Wir freuen uns drauf!<\/p>\n<!-- \/wp:paragraph -->\n\n<!-- wp:image {\"id\":1064,\"width\":\"399px\",\"height\":\"auto\",\"sizeSlug\":\"full\",\"linkDestination\":\"media\"} -->\n<figure class=\"wp-block-image size-full is-resized\"><a href=\"https:\/\/strongbowband.de\/wp-content\/uploads\/2025\/08\/Strongbow-Journal-4.10.2025-v2-1.png\"><img loading=\"lazy\" decoding=\"async\" width=\"400\" height=\"600\" src=\"https:\/\/strongbowband.de\/wp-content\/uploads\/2025\/08\/Strongbow-Journal-4.10.2025-v2-1.png\" alt=\"\" class=\"wp-image-1064\" style=\"width:399px;height:auto\" srcset=\"https:\/\/strongbowband.de\/wp-content\/uploads\/2025\/08\/Strongbow-Journal-4.10.2025-v2-1.png 400w, https:\/\/strongbowband.de\/wp-content\/uploads\/2025\/08\/Strongbow-Journal-4.10.2025-v2-1-200x300.png 200w\" sizes=\"auto, (max-width: 400px) 100vw, 400px\" \/><\/a><\/figure>\n<!-- \/wp:image --><\/div><\/li>\n<li><a class=\"wp-block-latest-posts__post-title\" href=\"https:\/\/strongbowband.de\/?p=1035\">ABGESAGT 16.07.2025 &#8222;Mittwochs in&#8230;&#8220; L\u00fcdinghausen<\/a><div class=\"wp-block-latest-posts__post-full-content\"><!-- wp:paragraph -->\n<p>**** ABGESAGT aufgrund des schlechten Wetters ****<\/p>\n<!-- \/wp:paragraph -->\n\n<!-- wp:paragraph -->\n<p>Was ist noch besser als ein sch\u00f6ner Sommerabend mit einem k\u00fchlen Getr\u00e4nk? Genau, ein sch\u00f6ner Sommerabend mit einem k\u00fchlen Getr\u00e4nk und toller Live-Musik! Seid dabei, wenn wir in L\u00fcdinghausen an der Burg abrocken! Details folgen&#8230;. stay tuned \ud83d\ude42<\/p>\n<!-- \/wp:paragraph -->\n\n<!-- wp:paragraph -->\n<p>Update: <\/p>\n<!-- \/wp:paragraph -->\n\n<!-- wp:paragraph -->\n<p>Bald ist es soweit! Die Musik startet um 19 Uhr, und dann feiern wir mit euch bis 22 Uhr! <\/p>\n<!-- \/wp:paragraph -->\n\n<!-- wp:paragraph -->\n<p>Veranstaltungsort ist der Innenhof der Burg L\u00fcdinghausen, nicht Burg Vischering! Wir freuen uns drauf, seid dabei!<\/p>\n<!-- \/wp:paragraph -->\n\n<!-- wp:paragraph -->\n<p>Hier der Artikel dazu in der WN: <a href=\"https:\/\/www.wn.de\/muensterland\/kreis-coesfeld\/luedinghausen\/ein-musikalisches-gastspiel-der-besonderen-art-3346768?pid=true&amp;ueg=default\">Ein musikalisches Gastspiel der besonderen Art<\/a> <\/p>\n<!-- \/wp:paragraph -->\n\n<!-- wp:paragraph -->\n<p>Auch bei Facebook gibt es Infos: <a href=\"https:\/\/www.facebook.com\/photo?fbid=25006611872275133&amp;set=a.1414054891957496&amp;locale=de_DE\">https:\/\/www.facebook.com\/photo?fbid=25006611872275133&amp;set=a.1414054891957496&amp;locale=de_DE<\/a> <\/p>\n<!-- \/wp:paragraph -->\n\n<!-- wp:paragraph -->\n<p><\/p>\n<!-- \/wp:paragraph -->\n\n<!-- wp:image {\"id\":1040,\"width\":\"408px\",\"height\":\"auto\",\"sizeSlug\":\"full\",\"linkDestination\":\"media\"} -->\n<figure class=\"wp-block-image size-full is-resized\"><a href=\"https:\/\/strongbowband.de\/wp-content\/uploads\/2025\/05\/image.png\"><img loading=\"lazy\" decoding=\"async\" width=\"668\" height=\"866\" src=\"https:\/\/strongbowband.de\/wp-content\/uploads\/2025\/05\/image.png\" alt=\"\" class=\"wp-image-1040\" style=\"width:408px;height:auto\" srcset=\"https:\/\/strongbowband.de\/wp-content\/uploads\/2025\/05\/image.png 668w, https:\/\/strongbowband.de\/wp-content\/uploads\/2025\/05\/image-231x300.png 231w\" sizes=\"auto, (max-width: 668px) 100vw, 668px\" \/><\/a><\/figure>\n<!-- \/wp:image -->\n\n<!-- wp:paragraph -->\n<p><\/p>\n<!-- \/wp:paragraph --><\/div><\/li>\n<li><a class=\"wp-block-latest-posts__post-title\" href=\"https:\/\/strongbowband.de\/?p=1018\">16.05.2025 Gastst\u00e4tte Journal<\/a><div class=\"wp-block-latest-posts__post-full-content\"><!-- wp:paragraph -->\n<p>Und noch ein Heimspiel! Wir freuen uns nach einem tollen Benefizkonzert mit vielen anderen Bands nochmal ins Journal zu kommen, um einen ganzen Abend mit euch zu feiern, zu tanzen und abzurocken! Details folgen!<\/p>\n<!-- \/wp:paragraph -->\n\n<!-- wp:image {\"id\":1032,\"width\":\"373px\",\"height\":\"auto\",\"sizeSlug\":\"large\",\"linkDestination\":\"media\"} -->\n<figure class=\"wp-block-image size-large is-resized\"><a href=\"https:\/\/strongbowband.de\/wp-content\/uploads\/2025\/03\/IMG-20250429-WA0001.jpg\"><img loading=\"lazy\" decoding=\"async\" width=\"1024\" height=\"1024\" src=\"https:\/\/strongbowband.de\/wp-content\/uploads\/2025\/03\/IMG-20250429-WA0001-1024x1024.jpg\" alt=\"\" class=\"wp-image-1032\" style=\"width:373px;height:auto\" srcset=\"https:\/\/strongbowband.de\/wp-content\/uploads\/2025\/03\/IMG-20250429-WA0001-1024x1024.jpg 1024w, https:\/\/strongbowband.de\/wp-content\/uploads\/2025\/03\/IMG-20250429-WA0001-300x300.jpg 300w, https:\/\/strongbowband.de\/wp-content\/uploads\/2025\/03\/IMG-20250429-WA0001-150x150.jpg 150w, https:\/\/strongbowband.de\/wp-content\/uploads\/2025\/03\/IMG-20250429-WA0001-768x768.jpg 768w, https:\/\/strongbowband.de\/wp-content\/uploads\/2025\/03\/IMG-20250429-WA0001-1536x1536.jpg 1536w, https:\/\/strongbowband.de\/wp-content\/uploads\/2025\/03\/IMG-20250429-WA0001-750x750.jpg 750w, https:\/\/strongbowband.de\/wp-content\/uploads\/2025\/03\/IMG-20250429-WA0001.jpg 1600w\" sizes=\"auto, (max-width: 1024px) 100vw, 1024px\" \/><\/a><\/figure>\n<!-- \/wp:image --><\/div><\/li>\n<\/ul>\n\n\n<h2 class=\"wp-block-heading\">Vergangene Auftritte<\/h2>\n\n\n<ul class=\"wp-block-latest-posts__list wp-block-latest-posts\"><li><a class=\"wp-block-latest-posts__post-title\" href=\"https:\/\/strongbowband.de\/?p=1073\">21.03.2026 Journal (Senden)<\/a><div class=\"wp-block-latest-posts__post-full-content\"><!-- wp:paragraph -->\n<p>The same procedure as last year, James? Mit frischen Songs starten wir mit euch ins neue Rock-Jahr! Wir freuen uns sehr auf euch, eine tolle Stimmung und ganz viel Livemusik! <\/p>\n<!-- \/wp:paragraph -->\n\n<!-- wp:paragraph -->\n<p>Beginn ist um 20 Uhr, aber hier der \u00f6ffentliche Geheimtipp: Nat\u00fcrlich macht das Journal schon fr\u00fcher auf, so dass man sich schon fr\u00fcher die besten Pl\u00e4tze sichern kann \ud83d\ude42 <\/p>\n<!-- \/wp:paragraph -->\n\n<!-- wp:image {\"id\":1080,\"sizeSlug\":\"large\",\"linkDestination\":\"media\"} -->\n<figure class=\"wp-block-image size-large\"><a href=\"https:\/\/strongbowband.de\/wp-content\/uploads\/2026\/01\/Strongbow-Journal-2026-1-scaled.jpeg\"><img loading=\"lazy\" decoding=\"async\" width=\"724\" height=\"1024\" src=\"https:\/\/strongbowband.de\/wp-content\/uploads\/2026\/01\/Strongbow-Journal-2026-1-724x1024.jpeg\" alt=\"\" class=\"wp-image-1080\" srcset=\"https:\/\/strongbowband.de\/wp-content\/uploads\/2026\/01\/Strongbow-Journal-2026-1-724x1024.jpeg 724w, https:\/\/strongbowband.de\/wp-content\/uploads\/2026\/01\/Strongbow-Journal-2026-1-212x300.jpeg 212w, https:\/\/strongbowband.de\/wp-content\/uploads\/2026\/01\/Strongbow-Journal-2026-1-768x1086.jpeg 768w, https:\/\/strongbowband.de\/wp-content\/uploads\/2026\/01\/Strongbow-Journal-2026-1-1086x1536.jpeg 1086w, https:\/\/strongbowband.de\/wp-content\/uploads\/2026\/01\/Strongbow-Journal-2026-1-1448x2048.jpeg 1448w, https:\/\/strongbowband.de\/wp-content\/uploads\/2026\/01\/Strongbow-Journal-2026-1-750x1061.jpeg 750w, https:\/\/strongbowband.de\/wp-content\/uploads\/2026\/01\/Strongbow-Journal-2026-1-scaled.jpeg 1810w\" sizes=\"auto, (max-width: 724px) 100vw, 724px\" \/><\/a><\/figure>\n<!-- \/wp:image --><\/div><\/li>\n<li><a class=\"wp-block-latest-posts__post-title\" href=\"https:\/\/strongbowband.de\/?p=1042\">25.10.2025 Stever Tribute Night<\/a><div class=\"wp-block-latest-posts__post-full-content\"><!-- wp:paragraph -->\n<p>Die Stever Tribute Night geht in die zweite Runde! Das bedeutet feinste Covermusik von zwei Bands und eine geile Party!<\/p>\n<!-- \/wp:paragraph -->\n\n<!-- wp:paragraph -->\n<p>Strongbow startet mit wie immer ehrlicher, handgemachter Rockmusik vom Feinsten, und danach gibt es das Beste von den Toten Hosen und den \u00c4rzten von den Kollegen von Die Toten \u00c4rzte <a href=\"https:\/\/dietotenaerzte.de\/\">https:\/\/dietotenaerzte.de\/<\/a><\/p>\n<!-- \/wp:paragraph -->\n\n<!-- wp:paragraph -->\n<p>Mehr Infos und Tickets unter <a href=\"https:\/\/confusion.de\/tickets\">https:\/\/confusion.de\/tickets<\/a> <\/p>\n<!-- \/wp:paragraph -->\n\n<!-- wp:image {\"id\":1043,\"sizeSlug\":\"full\",\"linkDestination\":\"media\"} -->\n<figure class=\"wp-block-image size-full\"><a href=\"https:\/\/strongbowband.de\/wp-content\/uploads\/2025\/07\/image.png\"><img loading=\"lazy\" decoding=\"async\" width=\"700\" height=\"307\" src=\"https:\/\/strongbowband.de\/wp-content\/uploads\/2025\/07\/image.png\" alt=\"\" class=\"wp-image-1043\" srcset=\"https:\/\/strongbowband.de\/wp-content\/uploads\/2025\/07\/image.png 700w, https:\/\/strongbowband.de\/wp-content\/uploads\/2025\/07\/image-300x132.png 300w\" sizes=\"auto, (max-width: 700px) 100vw, 700px\" \/><\/a><\/figure>\n<!-- \/wp:image --><\/div><\/li>\n<li><a class=\"wp-block-latest-posts__post-title\" href=\"https:\/\/strongbowband.de\/?p=1060\">4.10.2025 Journal Senden<\/a><div class=\"wp-block-latest-posts__post-full-content\"><!-- wp:paragraph -->\n<p>Im Mai war es so sch\u00f6n mit euch im Journal &#8211; das machen wir nochmal! Seid wieder dabei, seid neu dabei, bringt eure Freunde mit! Es wird wieder Stimmung bis unter die Decke geben, wir freuen uns auf euch!<\/p>\n<!-- \/wp:paragraph -->\n\n<!-- wp:paragraph -->\n<p>Diesmal gibt es auch noch eine besondere \u00dcberraschung: Direkt eingeflogen aus U.K. sind M.F.U. als special guest dabei! Wir freuen uns drauf!<\/p>\n<!-- \/wp:paragraph -->\n\n<!-- wp:image {\"id\":1064,\"width\":\"399px\",\"height\":\"auto\",\"sizeSlug\":\"full\",\"linkDestination\":\"media\"} -->\n<figure class=\"wp-block-image size-full is-resized\"><a href=\"https:\/\/strongbowband.de\/wp-content\/uploads\/2025\/08\/Strongbow-Journal-4.10.2025-v2-1.png\"><img loading=\"lazy\" decoding=\"async\" width=\"400\" height=\"600\" src=\"https:\/\/strongbowband.de\/wp-content\/uploads\/2025\/08\/Strongbow-Journal-4.10.2025-v2-1.png\" alt=\"\" class=\"wp-image-1064\" style=\"width:399px;height:auto\" srcset=\"https:\/\/strongbowband.de\/wp-content\/uploads\/2025\/08\/Strongbow-Journal-4.10.2025-v2-1.png 400w, https:\/\/strongbowband.de\/wp-content\/uploads\/2025\/08\/Strongbow-Journal-4.10.2025-v2-1-200x300.png 200w\" sizes=\"auto, (max-width: 400px) 100vw, 400px\" \/><\/a><\/figure>\n<!-- \/wp:image --><\/div><\/li>\n<li><a class=\"wp-block-latest-posts__post-title\" href=\"https:\/\/strongbowband.de\/?p=1035\">ABGESAGT 16.07.2025 &#8222;Mittwochs in&#8230;&#8220; L\u00fcdinghausen<\/a><div class=\"wp-block-latest-posts__post-full-content\"><!-- wp:paragraph -->\n<p>**** ABGESAGT aufgrund des schlechten Wetters ****<\/p>\n<!-- \/wp:paragraph -->\n\n<!-- wp:paragraph -->\n<p>Was ist noch besser als ein sch\u00f6ner Sommerabend mit einem k\u00fchlen Getr\u00e4nk? Genau, ein sch\u00f6ner Sommerabend mit einem k\u00fchlen Getr\u00e4nk und toller Live-Musik! Seid dabei, wenn wir in L\u00fcdinghausen an der Burg abrocken! Details folgen&#8230;. stay tuned \ud83d\ude42<\/p>\n<!-- \/wp:paragraph -->\n\n<!-- wp:paragraph -->\n<p>Update: <\/p>\n<!-- \/wp:paragraph -->\n\n<!-- wp:paragraph -->\n<p>Bald ist es soweit! Die Musik startet um 19 Uhr, und dann feiern wir mit euch bis 22 Uhr! <\/p>\n<!-- \/wp:paragraph -->\n\n<!-- wp:paragraph -->\n<p>Veranstaltungsort ist der Innenhof der Burg L\u00fcdinghausen, nicht Burg Vischering! Wir freuen uns drauf, seid dabei!<\/p>\n<!-- \/wp:paragraph -->\n\n<!-- wp:paragraph -->\n<p>Hier der Artikel dazu in der WN: <a href=\"https:\/\/www.wn.de\/muensterland\/kreis-coesfeld\/luedinghausen\/ein-musikalisches-gastspiel-der-besonderen-art-3346768?pid=true&amp;ueg=default\">Ein musikalisches Gastspiel der besonderen Art<\/a> <\/p>\n<!-- \/wp:paragraph -->\n\n<!-- wp:paragraph -->\n<p>Auch bei Facebook gibt es Infos: <a href=\"https:\/\/www.facebook.com\/photo?fbid=25006611872275133&amp;set=a.1414054891957496&amp;locale=de_DE\">https:\/\/www.facebook.com\/photo?fbid=25006611872275133&amp;set=a.1414054891957496&amp;locale=de_DE<\/a> <\/p>\n<!-- \/wp:paragraph -->\n\n<!-- wp:paragraph -->\n<p><\/p>\n<!-- \/wp:paragraph -->\n\n<!-- wp:image {\"id\":1040,\"width\":\"408px\",\"height\":\"auto\",\"sizeSlug\":\"full\",\"linkDestination\":\"media\"} -->\n<figure class=\"wp-block-image size-full is-resized\"><a href=\"https:\/\/strongbowband.de\/wp-content\/uploads\/2025\/05\/image.png\"><img loading=\"lazy\" decoding=\"async\" width=\"668\" height=\"866\" src=\"https:\/\/strongbowband.de\/wp-content\/uploads\/2025\/05\/image.png\" alt=\"\" class=\"wp-image-1040\" style=\"width:408px;height:auto\" srcset=\"https:\/\/strongbowband.de\/wp-content\/uploads\/2025\/05\/image.png 668w, https:\/\/strongbowband.de\/wp-content\/uploads\/2025\/05\/image-231x300.png 231w\" sizes=\"auto, (max-width: 668px) 100vw, 668px\" \/><\/a><\/figure>\n<!-- \/wp:image -->\n\n<!-- wp:paragraph -->\n<p><\/p>\n<!-- \/wp:paragraph --><\/div><\/li>\n<li><a class=\"wp-block-latest-posts__post-title\" href=\"https:\/\/strongbowband.de\/?p=1018\">16.05.2025 Gastst\u00e4tte Journal<\/a><div class=\"wp-block-latest-posts__post-full-content\"><!-- wp:paragraph -->\n<p>Und noch ein Heimspiel! Wir freuen uns nach einem tollen Benefizkonzert mit vielen anderen Bands nochmal ins Journal zu kommen, um einen ganzen Abend mit euch zu feiern, zu tanzen und abzurocken! Details folgen!<\/p>\n<!-- \/wp:paragraph -->\n\n<!-- wp:image {\"id\":1032,\"width\":\"373px\",\"height\":\"auto\",\"sizeSlug\":\"large\",\"linkDestination\":\"media\"} -->\n<figure class=\"wp-block-image size-large is-resized\"><a href=\"https:\/\/strongbowband.de\/wp-content\/uploads\/2025\/03\/IMG-20250429-WA0001.jpg\"><img loading=\"lazy\" decoding=\"async\" width=\"1024\" height=\"1024\" src=\"https:\/\/strongbowband.de\/wp-content\/uploads\/2025\/03\/IMG-20250429-WA0001-1024x1024.jpg\" alt=\"\" class=\"wp-image-1032\" style=\"width:373px;height:auto\" srcset=\"https:\/\/strongbowband.de\/wp-content\/uploads\/2025\/03\/IMG-20250429-WA0001-1024x1024.jpg 1024w, https:\/\/strongbowband.de\/wp-content\/uploads\/2025\/03\/IMG-20250429-WA0001-300x300.jpg 300w, https:\/\/strongbowband.de\/wp-content\/uploads\/2025\/03\/IMG-20250429-WA0001-150x150.jpg 150w, https:\/\/strongbowband.de\/wp-content\/uploads\/2025\/03\/IMG-20250429-WA0001-768x768.jpg 768w, https:\/\/strongbowband.de\/wp-content\/uploads\/2025\/03\/IMG-20250429-WA0001-1536x1536.jpg 1536w, https:\/\/strongbowband.de\/wp-content\/uploads\/2025\/03\/IMG-20250429-WA0001-750x750.jpg 750w, https:\/\/strongbowband.de\/wp-content\/uploads\/2025\/03\/IMG-20250429-WA0001.jpg 1600w\" sizes=\"auto, (max-width: 1024px) 100vw, 1024px\" \/><\/a><\/figure>\n<!-- \/wp:image --><\/div><\/li>\n<\/ul>\n\n\n<p><\/p>\n","protected":false},"excerpt":{"rendered":"<p>Kommende Auftritte Vergangene Auftritte<\/p>\n","protected":false},"author":1,"featured_media":0,"parent":0,"menu_order":0,"comment_status":"closed","ping_status":"closed","template":"","meta":{"footnotes":""},"class_list":["post-985","page","type-page","status-publish","hentry","nodate","item-wrap"],"_links":{"self":[{"href":"https:\/\/strongbowband.de\/index.php?rest_route=\/wp\/v2\/pages\/985","targetHints":{"allow":["GET"]}}],"collection":[{"href":"https:\/\/strongbowband.de\/index.php?rest_route=\/wp\/v2\/pages"}],"about":[{"href":"https:\/\/strongbowband.de\/index.php?rest_route=\/wp\/v2\/types\/page"}],"author":[{"embeddable":true,"href":"https:\/\/strongbowband.de\/index.php?rest_route=\/wp\/v2\/users\/1"}],"replies":[{"embeddable":true,"href":"https:\/\/strongbowband.de\/index.php?rest_route=%2Fwp%2Fv2%2Fcomments&post=985"}],"version-history":[{"count":7,"href":"https:\/\/strongbowband.de\/index.php?rest_route=\/wp\/v2\/pages\/985\/revisions"}],"predecessor-version":[{"id":996,"href":"https:\/\/strongbowband.de\/index.php?rest_route=\/wp\/v2\/pages\/985\/revisions\/996"}],"wp:attachment":[{"href":"https:\/\/strongbowband.de\/index.php?rest_route=%2Fwp%2Fv2%2Fmedia&parent=985"}],"curies":[{"name":"wp","href":"https:\/\/api.w.org\/{rel}","templated":true}]}}