{"id":23,"date":"2014-06-21T17:15:10","date_gmt":"2014-06-21T15:15:10","guid":{"rendered":"http:\/\/strongbowband.de\/?page_id=23"},"modified":"2025-08-27T21:44:00","modified_gmt":"2025-08-27T19:44:00","slug":"home","status":"publish","type":"page","link":"https:\/\/strongbowband.de\/","title":{"rendered":"Home"},"content":{"rendered":"\n<h2 class=\"wp-block-heading\">Hallo und Willkommen bei Strongbow!<\/h2>\n\n\n\n<figure class=\"wp-block-image size-full is-style-default\"><a href=\"https:\/\/strongbowband.de\/wp-content\/uploads\/2025\/08\/Bandfoto-v3-notext-20250827-scaled.jpg\"><img loading=\"lazy\" decoding=\"async\" width=\"2560\" height=\"1440\" src=\"https:\/\/strongbowband.de\/wp-content\/uploads\/2025\/08\/Bandfoto-v3-notext-20250827-scaled.jpg\" alt=\"\" class=\"wp-image-1052\" srcset=\"https:\/\/strongbowband.de\/wp-content\/uploads\/2025\/08\/Bandfoto-v3-notext-20250827-scaled.jpg 2560w, https:\/\/strongbowband.de\/wp-content\/uploads\/2025\/08\/Bandfoto-v3-notext-20250827-300x169.jpg 300w, https:\/\/strongbowband.de\/wp-content\/uploads\/2025\/08\/Bandfoto-v3-notext-20250827-1024x576.jpg 1024w, https:\/\/strongbowband.de\/wp-content\/uploads\/2025\/08\/Bandfoto-v3-notext-20250827-768x432.jpg 768w, https:\/\/strongbowband.de\/wp-content\/uploads\/2025\/08\/Bandfoto-v3-notext-20250827-1536x864.jpg 1536w, https:\/\/strongbowband.de\/wp-content\/uploads\/2025\/08\/Bandfoto-v3-notext-20250827-2048x1152.jpg 2048w, https:\/\/strongbowband.de\/wp-content\/uploads\/2025\/08\/Bandfoto-v3-notext-20250827-750x422.jpg 750w\" sizes=\"auto, (max-width: 2560px) 100vw, 2560px\" \/><\/a><\/figure>\n\n\n\n<p>Wir sind die Rockband Strongbow aus dem M\u00fcnsterland, die euch mit handgemachter Rockmusik begeistert und ordentlich ins Schwitzen bringt. Bei den&nbsp;<a href=\"http:\/\/strongbowband.de\/?cat=1\">News&amp;Stories<\/a>&nbsp;findet ihr aktuelle Neuigkeiten und kleine Geschichten aus unserem Musikerleben. Wir w\u00fcrden uns sehr freuen, euch bei einem der n\u00e4chsten&nbsp;<a href=\"https:\/\/strongbowband.de\/?page_id=985\">Auftritte&nbsp;<\/a>zu sehen!<\/p>\n\n\n\n<p>Viel Spa\u00df beim St\u00f6bern!<\/p>\n","protected":false},"excerpt":{"rendered":"<p>Hallo und Willkommen bei Strongbow! Wir sind die Rockband Strongbow aus dem M\u00fcnsterland, die euch mit handgemachter Rockmusik begeistert und ordentlich ins Schwitzen bringt. Bei den&nbsp;News&amp;Stories&nbsp;findet ihr aktuelle Neuigkeiten und kleine Geschichten aus unserem Musikerleben. Wir w\u00fcrden uns sehr freuen, euch bei einem der n\u00e4chsten&nbsp;Auftritte&nbsp;zu sehen! Viel Spa\u00df beim St\u00f6bern!<\/p>\n","protected":false},"author":1,"featured_media":888,"parent":0,"menu_order":0,"comment_status":"closed","ping_status":"open","template":"","meta":{"footnotes":""},"class_list":["post-23","page","type-page","status-publish","has-post-thumbnail","hentry","nodate","item-wrap"],"_links":{"self":[{"href":"https:\/\/strongbowband.de\/index.php?rest_route=\/wp\/v2\/pages\/23","targetHints":{"allow":["GET"]}}],"collection":[{"href":"https:\/\/strongbowband.de\/index.php?rest_route=\/wp\/v2\/pages"}],"about":[{"href":"https:\/\/strongbowband.de\/index.php?rest_route=\/wp\/v2\/types\/page"}],"author":[{"embeddable":true,"href":"https:\/\/strongbowband.de\/index.php?rest_route=\/wp\/v2\/users\/1"}],"replies":[{"embeddable":true,"href":"https:\/\/strongbowband.de\/index.php?rest_route=%2Fwp%2Fv2%2Fcomments&post=23"}],"version-history":[{"count":30,"href":"https:\/\/strongbowband.de\/index.php?rest_route=\/wp\/v2\/pages\/23\/revisions"}],"predecessor-version":[{"id":1056,"href":"https:\/\/strongbowband.de\/index.php?rest_route=\/wp\/v2\/pages\/23\/revisions\/1056"}],"wp:featuredmedia":[{"embeddable":true,"href":"https:\/\/strongbowband.de\/index.php?rest_route=\/wp\/v2\/media\/888"}],"wp:attachment":[{"href":"https:\/\/strongbowband.de\/index.php?rest_route=%2Fwp%2Fv2%2Fmedia&parent=23"}],"curies":[{"name":"wp","href":"https:\/\/api.w.org\/{rel}","templated":true}]}}